{"id":209,"date":"2018-04-26T10:37:36","date_gmt":"2018-04-26T10:37:36","guid":{"rendered":"https:\/\/demo.themegrill.com\/cenote\/?page_id=209"},"modified":"2025-09-18T01:35:28","modified_gmt":"2025-09-17T23:35:28","slug":"contact-us","status":"publish","type":"page","link":"https:\/\/trouveres.ens.fr\/?page_id=209","title":{"rendered":"Tinder \ud83d\udc95"},"content":{"rendered":"\n<div class=\"wp-block-group alignfull has-black-color has-white-background-color has-text-color has-background\"><div class=\"wp-block-group__inner-container is-layout-flow wp-block-group-is-layout-flow\">\n<div class=\"wp-block-columns alignwide are-vertically-aligned-center is-layout-flex wp-container-core-columns-is-layout-9d6595d7 wp-block-columns-is-layout-flex\">\n<div class=\"wp-block-column is-layout-flow wp-block-column-is-layout-flow\" style=\"flex-basis:50%\">\n<p><em>Une cr\u00e9ation du club Trouv\u00e8res<\/em><\/p>\n\n\n\n<div style=\"height:14px\" aria-hidden=\"true\" class=\"wp-block-spacer\"><\/div>\n\n\n\n<figure class=\"wp-block-image size-large is-resized\"><img decoding=\"async\" src=\"https:\/\/media4.giphy.com\/media\/v1.Y2lkPTc5MGI3NjExYnA2YXVhbHpoOTA3ajc2NjE2cnU0ODk5YTl2OWFqa2Nlb3dlc3dueiZlcD12MV9pbnRlcm5hbF9naWZfYnlfaWQmY3Q9Zw\/l1J9JPvohlEKOOiuA\/giphy.gif\" alt=\"\" style=\"width:426px;height:auto\"\/><\/figure>\n<\/div>\n<\/div>\n\n\n\n<div class=\"wp-block-columns alignwide is-layout-flex wp-container-core-columns-is-layout-9d6595d7 wp-block-columns-is-layout-flex\">\n<div class=\"wp-block-column is-vertically-aligned-center is-layout-flow wp-block-column-is-layout-flow\">\n<p class=\"has-drop-cap has-text-color has-extra-small-font-size\" style=\"color:#000000\">Vous cherchez des musicien.nes pour vous accompagner dans vos prochains projets musicaux ? Le club Trouv\u00e8res vous aide \u00e0 trouver des partenaires de musique de chambre. <\/p>\n\n\n\n<p class=\"has-text-color has-extra-small-font-size\" style=\"color:#000000\">Pour trouver musicien.nes \u00e0 votre pied, remplissez le formulaire ci-dessous et postez votre petite annonce, ou contactez directement les auteurs et autrices des annonces !<\/p>\n<\/div>\n<\/div>\n\n\n\n<div style=\"height:40px\" aria-hidden=\"true\" class=\"wp-block-spacer\"><\/div>\n\n\n<ul class=\"wp-block-latest-posts__list is-grid columns-3 has-dates post_tinder wp-block-latest-posts\"><li><a class=\"wp-block-latest-posts__post-title\" href=\"https:\/\/trouveres.ens.fr\/?p=1093\">Pianiste cherche chanteur\/chanteuse<\/a><time datetime=\"2025-03-09T20:40:58+01:00\" class=\"wp-block-latest-posts__post-date\">9 mars 2025<\/time><div class=\"wp-block-latest-posts__post-full-content\"><!-- wp:table -->\n<figure class=\"wp-block-table\"><table class=\"has-fixed-layout\"><tbody><tr><th><strong>Nom<\/strong><\/th><\/tr><tr><td>vuong<\/td><\/tr><tr><th><strong>Instrument \/ voix<\/strong><\/th><\/tr><tr><td>piano<\/td><\/tr><tr><th><strong>Niveau musical (environ)<\/strong><\/th><\/tr><tr><td>avanc\u00e9<\/td><\/tr><tr><th><strong>Que recherchez vous ?<\/strong><\/th><\/tr><tr><td>Soprano ou Mezzo pour m\u00e9lodies<br><br>Pianiste pour 2 pianos ou 4 mains<\/td><\/tr><tr><th><strong>Mail<\/strong><\/th><\/tr><tr><td><a href=\"mailto:laurentvuong@gmail.com\">laurentvuong [at] gmail.com<\/a><\/td><\/tr><\/tbody><\/table><\/figure>\n<!-- \/wp:table --><\/div><\/li>\n<li><a class=\"wp-block-latest-posts__post-title\" href=\"https:\/\/trouveres.ens.fr\/?p=1090\">Violiniste cherche pianiste<\/a><time datetime=\"2025-03-09T20:38:55+01:00\" class=\"wp-block-latest-posts__post-date\">9 mars 2025<\/time><div class=\"wp-block-latest-posts__post-full-content\"><!-- wp:table -->\n<figure class=\"wp-block-table\"><table class=\"has-fixed-layout\"><tbody><tr><th><strong>Nom<\/strong><\/th><\/tr><tr><td>Th\u00e9o<\/td><\/tr><tr><th><strong>Instrument \/ voix<\/strong><\/th><\/tr><tr><td>violon<\/td><\/tr><tr><th><strong>Niveau musical (environ)<\/strong><\/th><\/tr><tr><td>CEM\/DEM+<\/td><\/tr><tr><th><strong>Que recherchez vous ?<\/strong><\/th><\/tr><tr><td>Je cherche un ou une pianiste avec qui monter une sonate de Brahms, que je joue d\u00e9j\u00e0 depuis quelques temps. L&rsquo;id\u00e9e est de faire un travail un peu approfondi pour avoir quelque chose de beau \u00e0 montrer et d&rsquo;\u00eatre un peu fier \ud83d\ude42<br>Sinon, tout autre projet musical en petit ensemble (duo\/trio\/maximum quatuor)<\/td><\/tr><tr><th><strong>Mail<\/strong><\/th><\/tr><tr><td><a href=\"mailto:22daudon.theo@gmail.com\">22daudon [at] theo@gmail.com<\/a><\/td><\/tr><\/tbody><\/table><\/figure>\n<!-- \/wp:table --><\/div><\/li>\n<li><a class=\"wp-block-latest-posts__post-title\" href=\"https:\/\/trouveres.ens.fr\/?p=1078\">Guitariste cherche bassiste\/ensemble<\/a><time datetime=\"2025-01-13T22:26:09+01:00\" class=\"wp-block-latest-posts__post-date\">13 janvier 2025<\/time><div class=\"wp-block-latest-posts__post-full-content\"><!-- wp:table -->\n<figure class=\"wp-block-table\"><table class=\"has-fixed-layout\"><tbody><tr><th><strong>Nom<\/strong><\/th><\/tr><tr><td>R\u00e9mi Badia<\/td><\/tr><tr><th><strong>Instrument \/ voix<\/strong><\/th><\/tr><tr><td>Guitare + Chant<\/td><\/tr><tr><th><strong>Niveau musical (environ)<\/strong><\/th><\/tr><tr><td>Avanc\u00e9<\/td><\/tr><tr><th><strong>Que recherchez vous ?<\/strong><\/th><\/tr><tr><td>Je d&rsquo;abord cherche un.e bassiste, et autres musiciens (batteur.euse, clavieriste, pourquoi pas un autre guitariste, et pourquoi pas d&rsquo;autres instruments si le son s&rsquo;y pr\u00eate) pour faire des reprises de vari\u00e9t\u00e9\/chanson fran\u00e7aise surtout, pourquoi pas de rock, reggae, jazz, avec des arrangements \u00e0 notre sauce. J&rsquo;aimerais beaucoup monter un projet pour jouer mes compos, en termes de style c&rsquo;est un peu un m\u00e9lange de tout ce que je pr\u00e9sente au dessus, avec une place importante donn\u00e9e au texte. L&rsquo;id\u00e9e c&rsquo;est de jouer autant des choses qui soient tr\u00e8s belles et touchantes que d&rsquo;autres qui bougent \u00e0 fond. Si vous \u00eates chauds, ouvert d&rsquo;esprit, et que vous pouvez autant aimer une jolie ballade de barbara qu&rsquo;un bon solo de guitare psych\u00e9d\u00e9lique ou qu&rsquo;un gros couplet de trap, n&rsquo;h\u00e9sitez pas une seconde. Multi-instrumentistes bienvenue, surtout pour faire des ch\u0153urs et des jolies 2e voix.<\/td><\/tr><tr><th><strong>Mail<\/strong><\/th><\/tr><tr><td><a href=\"mailto:remi.badia@ens.psl.eu\">remi.badia [at] ens.psl.eu<\/a><\/td><\/tr><\/tbody><\/table><\/figure>\n<!-- \/wp:table --><\/div><\/li>\n<li><a class=\"wp-block-latest-posts__post-title\" href=\"https:\/\/trouveres.ens.fr\/?p=1057\">Orchestre cherche musicien.ne.s<\/a><time datetime=\"2024-09-29T18:37:26+02:00\" class=\"wp-block-latest-posts__post-date\">29 septembre 2024<\/time><div class=\"wp-block-latest-posts__post-full-content\"><!-- wp:table -->\n<figure class=\"wp-block-table\"><table class=\"has-fixed-layout\"><tbody><tr><td>Association Hoboken<\/td><\/tr><tr><th><strong>Instrument \/ voix<\/strong><\/th><\/tr><tr><td>Orchestre de chambre<\/td><\/tr><tr><th><strong>Niveau musical (environ)<\/strong><\/th><\/tr><tr><td>DEM\/3\u00e8me cycle<\/td><\/tr><tr><th><strong>Que recherchez vous ?<\/strong><\/th><\/tr><tr><td>Bonjour \u00e0 toutes et tous,<br>L&rsquo;orchestre Hoboken bas\u00e9 \u00e0 Paris recrute des musiciens amateurs pour sa prochaine session.<br>Au programme, le concerto pour piano n\u00b01 de Brahms et la symphonie n\u00b04 de Mahler avec orchestre r\u00e9duit (1 instrumentiste par pupitre chez les vents, 2 \u00e0 3 maximum pour les cordes).<br>Les r\u00e9p\u00e9titions ont lieu le mercredi de 20h \u00e0 22h \u00e0 la MPAA des Halles, \u00e0 Paris 1er arrondissement.<br>Les concerts sont pr\u00e9vus \u00e0 Paris pour le week-end du 20-21-22 d\u00e9cembre.<br>Nous recherchons :<br>Un hautbois<br>Un basson<br>Violons 1<br>Violons 2<br>Altos<br>Contrebasse<br>En vous remerciant par avance,<br>Cordialement,<\/td><\/tr><tr><th><strong>Mail<\/strong><\/th><\/tr><tr><td><a href=\"mailto:association.hoboken@gmail.com\">association.hoboken [at] gmail.com<\/a><\/td><\/tr><\/tbody><\/table><\/figure>\n<!-- \/wp:table --><\/div><\/li>\n<li><a class=\"wp-block-latest-posts__post-title\" href=\"https:\/\/trouveres.ens.fr\/?p=1055\">Guitariste cherche chanteur\/chanteuse<\/a><time datetime=\"2024-09-29T18:34:17+02:00\" class=\"wp-block-latest-posts__post-date\">29 septembre 2024<\/time><div class=\"wp-block-latest-posts__post-full-content\"><!-- wp:table -->\n<figure class=\"wp-block-table\"><table class=\"has-fixed-layout\"><tbody><tr><td>Alex Brian<\/td><\/tr><tr><th><strong>Instrument \/ voix<\/strong><\/th><\/tr><tr><td>Guitare (g\u00e9n\u00e9ralement \u00e9lectrique mais je n&rsquo;ai qu&rsquo;une guitare acoustique \u00e0 Paris)<\/td><\/tr><tr><th><strong>Niveau musical (environ)<\/strong><\/th><\/tr><tr><td>Avanc\u00e9<\/td><\/tr><tr><th><strong>Que recherchez vous ?<\/strong><\/th><\/tr><tr><td>Je cherche un.e chanteur.euse (et tout autre musicien.ne &#8211; batteur.euse, bassiste, clavi\u00e9riste, guitariste etc.) int\u00e9ress\u00e9.e \u00e0 jouer des reprises de chansons populaires et \u00e0 tenter d&rsquo;\u00e9crire quelques compositions originales.<\/td><\/tr><tr><th><strong>Mail<\/strong><\/th><\/tr><tr><td><a href=\"mailto:alexander.brian@ens.psl.eu\">alexander.brian [at] ens.psl.eu<\/a><\/td><\/tr><\/tbody><\/table><\/figure>\n<!-- \/wp:table --><\/div><\/li>\n<\/ul><\/div><\/div>\n\n\n<div class=\"everest-forms\"><\/div>\n\n<div class=\"everest-forms\"><div class=\"evf-container default\" id=\"evf-312\"><form id=\"evf-form-312\" class=\"everest-form\" data-formid=\"312\" data-ajax_submission=\"0\" data-keyboard_friendly_form=\"0\" data-form_state_type=\"\" method=\"post\" enctype=\"multipart\/form-data\" action=\"\/index.php?rest_route=%2Fwp%2Fv2%2Fpages%2F209\"><div class=\"evf-field-container\"><input type=\"hidden\" id=\"_wpnonce312\" name=\"_wpnonce312\" value=\"fa31a6f9f7\" \/><input type=\"hidden\" name=\"_wp_http_referer\" value=\"\/index.php?rest_route=%2Fwp%2Fv2%2Fpages%2F209\" \/><div class=\"evf-frontend-row\" data-row=\"row_1\" conditional_rules=\"[]\"><div class=\"evf-frontend-grid evf-grid-1\" data-grid=\"grid_1\"><div id=\"evf-312-field_ys0GeZISRs-1-container\" class=\"evf-field evf-field-first-name form-row validate-required\" data-required-field-message=\"This field is required.\" data-field-id=\"ys0GeZISRs-1\"><label class=\"evf-field-label\" for=\"evf-312-field_ys0GeZISRs-1\"><span class=\"evf-label\">Nom<\/span> <abbr class=\"required\" title=\"N\u00e9cessaire\">*<\/abbr><\/label><input type=\"text\" id=\"evf-312-field_ys0GeZISRs-1\" class=\"input-text\" name=\"everest_forms[form_fields][ys0GeZISRs-1]\" required><\/div><div id=\"evf-312-field_Vq3CD4pcvU-7-container\" class=\"evf-field evf-field-first-name form-row validate-required\" data-required-field-message=\"Instrument ou voix\" data-field-id=\"Vq3CD4pcvU-7\"><label class=\"evf-field-label\" for=\"evf-312-field_Vq3CD4pcvU-7\"><span class=\"evf-label\">Instrument \/ voix<\/span> <abbr class=\"required\" title=\"N\u00e9cessaire\">*<\/abbr><\/label><input type=\"text\" id=\"evf-312-field_Vq3CD4pcvU-7\" class=\"input-text\" name=\"everest_forms[form_fields][Vq3CD4pcvU-7]\" required><\/div><div id=\"evf-312-field_TVSUK0SFDI-8-container\" class=\"evf-field evf-field-first-name form-row validate-required\" data-required-field-message=\"Une id\u00e9e approximative de votre niveau ou formation musicale\" data-field-id=\"TVSUK0SFDI-8\"><label class=\"evf-field-label\" for=\"evf-312-field_TVSUK0SFDI-8\"><span class=\"evf-label\">Niveau musical (environ)<\/span> <abbr class=\"required\" title=\"N\u00e9cessaire\">*<\/abbr><\/label><input type=\"text\" id=\"evf-312-field_TVSUK0SFDI-8\" class=\"input-text\" name=\"everest_forms[form_fields][TVSUK0SFDI-8]\" required><\/div><div id=\"evf-312-field_yhGx3FOwr2-4-container\" class=\"evf-field evf-field-textarea form-row validate-required\" data-required-field-message=\"Ce champ est n\u00e9cessaire.\" data-field-id=\"yhGx3FOwr2-4\"><label class=\"evf-field-label\" for=\"evf-312-field_yhGx3FOwr2-4\"><span class=\"evf-label\">Que recherchez vous ?<\/span> <abbr class=\"required\" title=\"N\u00e9cessaire\">*<\/abbr><\/label><textarea id=\"evf-312-field_yhGx3FOwr2-4\" class=\"input-text\" name=\"everest_forms[form_fields][yhGx3FOwr2-4]\" required ><\/textarea><div class=\"evf-field-description\">Quel r\u00e9pertoire recherchez vous (\u00e9poque, style, id\u00e9e de pi\u00e8ces) ? Pour quel ensemble musical ?<\/div><\/div><div id=\"evf-312-field_XlEITrVVwU-10-container\" class=\"evf-field evf-field-first-name form-row validate-required\" data-required-field-message=\"Adresse mail pour vous contacter\" data-field-id=\"XlEITrVVwU-10\"><label class=\"evf-field-label\" for=\"evf-312-field_XlEITrVVwU-10\"><span class=\"evf-label\">Mail<\/span> <abbr class=\"required\" title=\"N\u00e9cessaire\">*<\/abbr><\/label><input type=\"text\" id=\"evf-312-field_XlEITrVVwU-10\" class=\"input-text\" name=\"everest_forms[form_fields][XlEITrVVwU-10]\" required><\/div><\/div><\/div><\/div><div class=\"evf-honeypot-container evf-field-hp\"><label for=\"evf-312-field-hp\" class=\"evf-field-label\">Website<\/label><input type=\"text\" name=\"everest_forms[hp]\" id=\"evf-312-field-hp\" class=\"input-text\"><\/div><div class=\"evf-submit-container \" ><input type=\"hidden\" name=\"everest_forms[id]\" value=\"312\"><input type=\"hidden\" name=\"everest_forms[author]\" value=\"2\"><button type='submit' name='everest_forms[submit]' class='everest-forms-submit-button button evf-submit ' id='evf-submit-312' value='evf-submit' data-process-text=\"Processing\u2026\" conditional_rules='&quot;&quot;' conditional_id='evf-submit-312'  id=\"evf-submit-312\" aria-live=\"assertive\">Submit<\/button><\/div><\/form><\/div><!-- .evf-container --><\/div>","protected":false},"excerpt":{"rendered":"<p>Une cr\u00e9ation du club Trouv\u00e8res Vous cherchez des musicien.nes pour vous accompagner dans vos prochains projets musicaux ? Le club Trouv\u00e8res vous aide \u00e0 trouver des partenaires de musique de chambre. Pour trouver musicien.nes \u00e0 votre pied, remplissez le formulaire ci-dessous et postez votre petite annonce, ou contactez directement les auteurs et autrices des annonces [&hellip;]<\/p>\n","protected":false},"author":2,"featured_media":0,"parent":0,"menu_order":0,"comment_status":"closed","ping_status":"closed","template":"","meta":{"footnotes":""},"class_list":["post-209","page","type-page","status-publish","hentry"],"_links":{"self":[{"href":"https:\/\/trouveres.ens.fr\/index.php?rest_route=\/wp\/v2\/pages\/209","targetHints":{"allow":["GET"]}}],"collection":[{"href":"https:\/\/trouveres.ens.fr\/index.php?rest_route=\/wp\/v2\/pages"}],"about":[{"href":"https:\/\/trouveres.ens.fr\/index.php?rest_route=\/wp\/v2\/types\/page"}],"author":[{"embeddable":true,"href":"https:\/\/trouveres.ens.fr\/index.php?rest_route=\/wp\/v2\/users\/2"}],"replies":[{"embeddable":true,"href":"https:\/\/trouveres.ens.fr\/index.php?rest_route=%2Fwp%2Fv2%2Fcomments&post=209"}],"version-history":[{"count":21,"href":"https:\/\/trouveres.ens.fr\/index.php?rest_route=\/wp\/v2\/pages\/209\/revisions"}],"predecessor-version":[{"id":1203,"href":"https:\/\/trouveres.ens.fr\/index.php?rest_route=\/wp\/v2\/pages\/209\/revisions\/1203"}],"wp:attachment":[{"href":"https:\/\/trouveres.ens.fr\/index.php?rest_route=%2Fwp%2Fv2%2Fmedia&parent=209"}],"curies":[{"name":"wp","href":"https:\/\/api.w.org\/{rel}","templated":true}]}}