{"id":404,"date":"2021-12-04T20:47:32","date_gmt":"2021-12-04T19:47:32","guid":{"rendered":"https:\/\/trouveres.ens.fr\/?page_id=404"},"modified":"2025-09-18T01:11:45","modified_gmt":"2025-09-17T23:11:45","slug":"salles","status":"publish","type":"page","link":"https:\/\/trouveres.ens.fr\/?page_id=404","title":{"rendered":"Salles"},"content":{"rendered":"\n<p>Les r\u00e9servations des salles de musique ne passent plus par le club Trouv\u00e8res. Un nouveau formulaire est disponible sur le <a href=\"https:\/\/arts.ens.psl.eu\/GUIDE-PRATIQUE-salles-de-musique-1103.html\">site des affaires culturelles de l&rsquo;ENS<\/a>.<\/p>\n\n\n\n<div style=\"height:100px\" aria-hidden=\"true\" class=\"wp-block-spacer\"><\/div>\n\n\n\n<p><strong>La premi\u00e8re liste sera mise en service au cours du mois de septembre et renouvel\u00e9e au d\u00e9but de chaque mois.<\/strong><\/p>\n\n\n\n<div style=\"height:100px\" aria-hidden=\"true\" class=\"wp-block-spacer\"><\/div>\n\n\n\n<p>Les acc\u00e8s sont r\u00e9partis comme suit :<\/p>\n\n\n\n<ul class=\"wp-block-list\">\n<li>Musicien\u2022nes d\u00e9butant\u2022es et r\u00e9p\u00e9titions occasionnelles : <\/li>\n\n\n\n<li>salles Info 1 et 5 + Piano NIR (accessibles en soir\u00e9es et week-ends)<\/li>\n\n\n\n<li>Niveaux confirm\u00e9s : salles Info 1, 2 et 5 + Piano NIR (accessibles en soir\u00e9es et week-ends), salle musicologie 46 (accessible toute la journ\u00e9e, de 8h \u00e0 23h)<\/li>\n\n\n\n<li>Musicologues exclusivement : salle musique 46<\/li>\n\n\n\n<li>NB : la salle \u00ab musique Jourdan \u00bb est strictement r\u00e9serv\u00e9e aux internes du Campus Jourdan<\/li>\n<\/ul>\n\n\n\n<p><strong>Le partage des salles se fait \u00e0 l\u2019amiable<\/strong>, nous comptons donc sur vous pour ne pas empi\u00e9ter sur le temps de travail des autres. Les activit\u00e9s p\u00e9dagogiques de l\u2019\u00e9cole ont la priorit\u00e9 sur le travail individuel.<\/p>\n\n\n\n<p>Merci de consulter la charte d\u2019utilisation des salles de musique (ci-dessous) pour profiter au mieux de l\u2019hospitalit\u00e9 de ces havres de paix et de joie ! \ud83c\udfb6<\/p>\n\n\n\n<div class=\"wp-block-columns is-layout-flex wp-container-core-columns-is-layout-9d6595d7 wp-block-columns-is-layout-flex\">\n<div class=\"wp-block-column is-layout-flow wp-block-column-is-layout-flow\" style=\"flex-basis:100%\">\n<div class=\"wp-block-group alignfull\"><div class=\"wp-block-group__inner-container is-layout-flow wp-block-group-is-layout-flow\">\n<div class=\"wp-block-columns is-layout-flex wp-container-core-columns-is-layout-9d6595d7 wp-block-columns-is-layout-flex\">\n<div class=\"wp-block-column is-layout-flow wp-block-column-is-layout-flow\">\n<figure class=\"wp-block-image size-full\"><img loading=\"lazy\" decoding=\"async\" width=\"702\" height=\"683\" src=\"https:\/\/trouveres.ens.fr\/wp-content\/uploads\/2021\/12\/trouveres_salles.png\" alt=\"\" class=\"wp-image-410\"\/><\/figure>\n<\/div>\n\n\n\n<div class=\"wp-block-column is-layout-flow wp-block-column-is-layout-flow\">\n<figure class=\"wp-block-image size-full\"><img loading=\"lazy\" decoding=\"async\" width=\"585\" height=\"600\" src=\"https:\/\/trouveres.ens.fr\/wp-content\/uploads\/2021\/12\/trouveres_charte.png\" alt=\"\" class=\"wp-image-411\"\/><\/figure>\n<\/div>\n<\/div>\n<\/div><\/div>\n<\/div>\n<\/div>\n\n\n\n<p><\/p>\n","protected":false},"excerpt":{"rendered":"<p>Les r\u00e9servations des salles de musique ne passent plus par le club Trouv\u00e8res. Un nouveau formulaire est disponible sur le site des affaires culturelles de l&rsquo;ENS. La premi\u00e8re liste sera mise en service au cours du mois de septembre et renouvel\u00e9e au d\u00e9but de chaque mois. Les acc\u00e8s sont r\u00e9partis comme suit : Le partage [&hellip;]<\/p>\n","protected":false},"author":2,"featured_media":0,"parent":0,"menu_order":0,"comment_status":"closed","ping_status":"closed","template":"","meta":{"footnotes":""},"class_list":["post-404","page","type-page","status-publish","hentry"],"_links":{"self":[{"href":"https:\/\/trouveres.ens.fr\/index.php?rest_route=\/wp\/v2\/pages\/404","targetHints":{"allow":["GET"]}}],"collection":[{"href":"https:\/\/trouveres.ens.fr\/index.php?rest_route=\/wp\/v2\/pages"}],"about":[{"href":"https:\/\/trouveres.ens.fr\/index.php?rest_route=\/wp\/v2\/types\/page"}],"author":[{"embeddable":true,"href":"https:\/\/trouveres.ens.fr\/index.php?rest_route=\/wp\/v2\/users\/2"}],"replies":[{"embeddable":true,"href":"https:\/\/trouveres.ens.fr\/index.php?rest_route=%2Fwp%2Fv2%2Fcomments&post=404"}],"version-history":[{"count":11,"href":"https:\/\/trouveres.ens.fr\/index.php?rest_route=\/wp\/v2\/pages\/404\/revisions"}],"predecessor-version":[{"id":1186,"href":"https:\/\/trouveres.ens.fr\/index.php?rest_route=\/wp\/v2\/pages\/404\/revisions\/1186"}],"wp:attachment":[{"href":"https:\/\/trouveres.ens.fr\/index.php?rest_route=%2Fwp%2Fv2%2Fmedia&parent=404"}],"curies":[{"name":"wp","href":"https:\/\/api.w.org\/{rel}","templated":true}]}}