{"id":435,"date":"2021-12-04T21:14:53","date_gmt":"2021-12-04T20:14:53","guid":{"rendered":"https:\/\/trouveres.ens.fr\/?page_id=435"},"modified":"2022-01-26T09:36:59","modified_gmt":"2022-01-26T08:36:59","slug":"discours-douverture","status":"publish","type":"page","link":"https:\/\/trouveres.ens.fr\/?page_id=435","title":{"rendered":"Discours d&rsquo;ouverture"},"content":{"rendered":"\n<blockquote class=\"wp-block-quote is-style-plain is-layout-flow wp-block-quote-is-layout-flow\"><p>Mesdames, Mesdemoiselles, Messieurs,<\/p><p>Au Moyen-\u00c2ge, les chants po\u00e9tiques des Trouv\u00e8res charmaient les contr\u00e9es du nord de la France. Nous esp\u00e9rons ce soir, vous enchanter \u00e0 notre tour, au cours de ce moment musical.<\/p><p>Avant de pr\u00e9senter notre association, puis le programme du concert, nous souhaiterions remercier Monsieur le Directeur qui nous pr\u00e8te ses salons ce soir, ainsi que Monsieur Gasparini, responsable de la musique \u00e0 l&rsquo;\u00e9cole, qui nous fait l&rsquo;honneur de sa pr\u00e9sence.<\/p><p>Trouv\u00e8res est n\u00e9 d&rsquo;une id\u00e9e: faire se rencontrer, au cours de moments musicaux, musiciennes et musiciens amateurs, normaliens ou issus d&rsquo;autres \u00e9coles. Cette id\u00e9e a grandi, est devenue une association, compos\u00e9e d&rsquo;un secr\u00e9taire: Charles-Antoine Lou\u00ebt, d&rsquo;une intendante: Marguerite Moleux, d&rsquo;un impressario: Arnaud Mentr\u00e9, et de moi-m\u00eame, charg\u00e9e de faire la pr\u00e9sentation. Enfin, l&rsquo;id\u00e9e est devenue r\u00e9alit\u00e9. Vous voici r\u00e9unis ce soir, pour notre premier concert.<\/p><p>Le concert sera suivi d&rsquo;un pot, \u00e0 la caf\u00e9t\u00e9ria. Vous y trouverez un bureau, o\u00f9 Arnaud vous proposera des places de concert \u00e0 tarif r\u00e9duit. Vous y trouverez \u00e9galement une fiche d&rsquo;inscription pour les prochains concerts: le 21 mai et le 21 juin. Vous y trouverez enfin une petite corbeille, destin\u00e9e \u00e0 recevoir une \u00e9ventuelle participation pour le buffet.<\/p><p>Si vous d\u00e9sirez de plus amples renseignements, notre adresse e-mail est inscrite au bas des programmes.<\/p><p>Trouv\u00e8res vous souhaite un tr\u00e8s bon concert.<\/p><\/blockquote>\n\n\n\n<p><\/p>\n\n\n\n<p style=\"font-style:normal;font-weight:700\"><em>H\u00e9l\u00e8ne Postel-Vinay, discours prononc\u00e9 \u00e0 l&rsquo;occasion du premier concert du Club Trouv\u00e8res en avril 2001.<\/em><\/p>\n\n\n\n<p><\/p>\n\n\n\n<p style=\"font-style:normal;font-weight:400\">Le premier bureau du Club Trouv\u00e8res \u00e9tait compos\u00e9 par : H\u00e9l\u00e8ne Postel-Vinay, Charles-Antoine Lou\u00ebt, Arnaud Mentr\u00e9 &amp; Marguerite Moleux.<\/p>\n","protected":false},"excerpt":{"rendered":"<p>Mesdames, Mesdemoiselles, Messieurs, Au Moyen-\u00c2ge, les chants po\u00e9tiques des Trouv\u00e8res charmaient les contr\u00e9es du nord de la France. Nous esp\u00e9rons ce soir, vous enchanter \u00e0 notre tour, au cours de ce moment musical. Avant de pr\u00e9senter notre association, puis le programme du concert, nous souhaiterions remercier Monsieur le Directeur qui nous pr\u00e8te ses salons ce [&hellip;]<\/p>\n","protected":false},"author":2,"featured_media":0,"parent":392,"menu_order":1,"comment_status":"closed","ping_status":"closed","template":"","meta":{"footnotes":""},"class_list":["post-435","page","type-page","status-publish","hentry"],"_links":{"self":[{"href":"https:\/\/trouveres.ens.fr\/index.php?rest_route=\/wp\/v2\/pages\/435","targetHints":{"allow":["GET"]}}],"collection":[{"href":"https:\/\/trouveres.ens.fr\/index.php?rest_route=\/wp\/v2\/pages"}],"about":[{"href":"https:\/\/trouveres.ens.fr\/index.php?rest_route=\/wp\/v2\/types\/page"}],"author":[{"embeddable":true,"href":"https:\/\/trouveres.ens.fr\/index.php?rest_route=\/wp\/v2\/users\/2"}],"replies":[{"embeddable":true,"href":"https:\/\/trouveres.ens.fr\/index.php?rest_route=%2Fwp%2Fv2%2Fcomments&post=435"}],"version-history":[{"count":9,"href":"https:\/\/trouveres.ens.fr\/index.php?rest_route=\/wp\/v2\/pages\/435\/revisions"}],"predecessor-version":[{"id":579,"href":"https:\/\/trouveres.ens.fr\/index.php?rest_route=\/wp\/v2\/pages\/435\/revisions\/579"}],"up":[{"embeddable":true,"href":"https:\/\/trouveres.ens.fr\/index.php?rest_route=\/wp\/v2\/pages\/392"}],"wp:attachment":[{"href":"https:\/\/trouveres.ens.fr\/index.php?rest_route=%2Fwp%2Fv2%2Fmedia&parent=435"}],"curies":[{"name":"wp","href":"https:\/\/api.w.org\/{rel}","templated":true}]}}