{"id":458,"date":"2021-12-13T15:48:07","date_gmt":"2021-12-13T14:48:07","guid":{"rendered":"https:\/\/trouveres.ens.fr\/?page_id=458"},"modified":"2025-09-10T21:30:26","modified_gmt":"2025-09-10T19:30:26","slug":"a-propos-2","status":"publish","type":"page","link":"https:\/\/trouveres.ens.fr\/?page_id=458","title":{"rendered":"\u00c0 propos"},"content":{"rendered":"\n<p>Vous \u00eates violoniste, contrebassiste, pianiste, harmoniciste, violiste&#8230; et vous n&rsquo;avez personne avec qui jouer ? Le clavier vous d\u00e9mange mais vous ne savez pas o\u00f9 travailler ? Des envies de chanter vous prennent r\u00e9guli\u00e8rement mais les murs de la salle de bain n&rsquo;ont pas beaucoup de r\u00e9pondant ? Le club Trouv\u00e8res est l\u00e0 pour vous !<\/p>\n\n\n\n<p>Le club Trouv\u00e8res est l&rsquo;association qui rassemble tous les musiciennes et musiciens de l&rsquo;\u00e9cole, de tous styles et de tous niveaux, d\u00e9sirant jouer de la musique ensemble ou tout simplement se rencontrer.<\/p>\n\n\n\n<h3 class=\"wp-block-heading has-text-align-center\">Ce qu&rsquo;on fait :<\/h3>\n\n\n\n<ul class=\"wp-block-list\">\n<li><strong>CONCERTS ETUDIANTS<\/strong><br>Tous les mois en salle des Actes: chacun pourra, s&rsquo;il le souhaite, proposer un morceau, seul ou en ensemble. Tous, musiciens ou non, sont convi\u00e9s \u00e0 assister au concert. Petit buffet-go\u00fbter \u00e0 la cl\u00e9 !<\/li>\n\n\n\n<li><strong>RENCONTRES ENTRE MUSICIENS<\/strong><br>N&rsquo;h\u00e9sitez pas \u00e0 nous envoyer une petite annonce pour vous aider \u00e0 trouver d&rsquo;autres musiciens motiv\u00e9s: l&rsquo;altiste manquant du quatuor, le pianiste pour vous accompagner\u2026<\/li>\n\n\n\n<li><strong>CH\u0152URS<\/strong> <strong>DE L&rsquo;ENS<\/strong><br>Les Ch\u0153urs de l&rsquo;ENS rassemblent un grand ch\u0153ur ouvert \u00e0 tous, qui r\u00e9p\u00e8te le jeudi soir, un ch\u0153ur \u00e0 voix \u00e9gales (SSA, voix de femmes) et un ensemble vocal qui se r\u00e9unit ponctuellement pour des projets (comme la Nuit de l&rsquo;ENS). <br>Pour tout renseignement, n&rsquo;h\u00e9sitez pas \u00e0 contacter les ch\u0153urs \u00e0 cette adresse : jean.fortunier-cateland[at]ens.psl.eu.<\/li>\n\n\n\n<li><strong>IMPORTANT &#8211; SALLES DE MUSIQUE<\/strong>:<strong> \u00c0 partir de septembre 2024, les salles de musique seront g\u00e9r\u00e9es par le d\u00e9partement des Arts et non le Club Trouv\u00e8res. Les infos et liens d&rsquo;inscriptions se trouvent <a href=\"https:\/\/arts.ens.psl.eu\/GUIDE-PRATIQUE-salles-de-musique-1103.html\">ici<\/a>.<br><\/strong><\/li>\n<\/ul>\n\n\n\n<h2 class=\"wp-block-heading\">Contact<\/h2>\n\n\n\n<p>Adresse des responsables de l&rsquo;association : <strong>respos.trouveres[at]ens.fr<\/strong><br>Mailing list de l&rsquo;association : <strong>trouveres[at]ens.fr<\/strong><\/p>\n\n\n\n<p>Musicalement v\u00f4tres, le club Trouv\u00e8res<\/p>\n\n\n\n<p><\/p>\n\n\n\n<h2 class=\"wp-block-heading\">Histoire du club<\/h2>\n\n\n\n<p>Trouv\u00e8res a \u00e9t\u00e9 cr\u00e9\u00e9e au printemps 2001 par H\u00e9l\u00e8ne Postel-Vinay, Charles-Antoine Lou\u00ebt, Arnaud Mentr\u00e9 et Marguerite Moleux. Voici le <a href=\"https:\/\/trouveres.ens.fr\/?page_id=435\">discours d&rsquo;ouverture<\/a> prononc\u00e9 par H\u00e9l\u00e8ne \u00e0 l&rsquo;occasion du premier concert organis\u00e9 par Trouv\u00e8res. Apr\u00e8s un an et demi d&rsquo;existence, Trouv\u00e8res a \u00e9t\u00e9 rattach\u00e9 \u00e0 l&rsquo;<a href=\"http:\/\/www.cof.ens.fr\/\">Association des \u00c9l\u00e8ves de l&rsquo;\u00c9cole Normale Sup\u00e9rieure<\/a> (AEENS ou plus commun\u00e9ment COF). Trouv\u00e8res est donc d\u00e9sormais un des nombreux clubs g\u00e9r\u00e9s par le COF, et voit ses responsables renouvel\u00e9s r\u00e9guli\u00e8rement. Apr\u00e8s l&rsquo;\u00e9poque h\u00e9ro\u00efque des fondateurs, l&rsquo;organisation des concerts a \u00e9t\u00e9 prise en charge par de nombreux musiciens de l&rsquo;\u00e9cole. Si vous aussi vous voulez en faire partie ou pour toute autre raison musicale, vous pouvez contacter les responsables actuels \u00e0 l&rsquo;adresse <strong>respos.trouveres[at]ens.fr<\/strong>.<\/p>\n","protected":false},"excerpt":{"rendered":"<p>Vous \u00eates violoniste, contrebassiste, pianiste, harmoniciste, violiste&#8230; et vous n&rsquo;avez personne avec qui jouer ? Le clavier vous d\u00e9mange mais vous ne savez pas o\u00f9 travailler ? Des envies de chanter vous prennent r\u00e9guli\u00e8rement mais les murs de la salle de bain n&rsquo;ont pas beaucoup de r\u00e9pondant ? Le club Trouv\u00e8res est l\u00e0 pour vous [&hellip;]<\/p>\n","protected":false},"author":2,"featured_media":0,"parent":392,"menu_order":0,"comment_status":"closed","ping_status":"closed","template":"","meta":{"footnotes":""},"class_list":["post-458","page","type-page","status-publish","hentry"],"_links":{"self":[{"href":"https:\/\/trouveres.ens.fr\/index.php?rest_route=\/wp\/v2\/pages\/458","targetHints":{"allow":["GET"]}}],"collection":[{"href":"https:\/\/trouveres.ens.fr\/index.php?rest_route=\/wp\/v2\/pages"}],"about":[{"href":"https:\/\/trouveres.ens.fr\/index.php?rest_route=\/wp\/v2\/types\/page"}],"author":[{"embeddable":true,"href":"https:\/\/trouveres.ens.fr\/index.php?rest_route=\/wp\/v2\/users\/2"}],"replies":[{"embeddable":true,"href":"https:\/\/trouveres.ens.fr\/index.php?rest_route=%2Fwp%2Fv2%2Fcomments&post=458"}],"version-history":[{"count":12,"href":"https:\/\/trouveres.ens.fr\/index.php?rest_route=\/wp\/v2\/pages\/458\/revisions"}],"predecessor-version":[{"id":1122,"href":"https:\/\/trouveres.ens.fr\/index.php?rest_route=\/wp\/v2\/pages\/458\/revisions\/1122"}],"up":[{"embeddable":true,"href":"https:\/\/trouveres.ens.fr\/index.php?rest_route=\/wp\/v2\/pages\/392"}],"wp:attachment":[{"href":"https:\/\/trouveres.ens.fr\/index.php?rest_route=%2Fwp%2Fv2%2Fmedia&parent=458"}],"curies":[{"name":"wp","href":"https:\/\/api.w.org\/{rel}","templated":true}]}}