{"id":460,"date":"2021-12-13T16:16:30","date_gmt":"2021-12-13T15:16:30","guid":{"rendered":"https:\/\/trouveres.ens.fr\/?page_id=460"},"modified":"2025-09-18T01:38:16","modified_gmt":"2025-09-17T23:38:16","slug":"contact","status":"publish","type":"page","link":"https:\/\/trouveres.ens.fr\/?page_id=460","title":{"rendered":"Contact \ud83d\udcde"},"content":{"rendered":"\n<div class=\"wp-block-columns is-layout-flex wp-container-core-columns-is-layout-9d6595d7 wp-block-columns-is-layout-flex\">\n<div class=\"wp-block-column is-layout-flow wp-block-column-is-layout-flow\" style=\"flex-basis:100%\">\n<div class=\"wp-block-group alignfull\"><div class=\"wp-block-group__inner-container is-layout-flow wp-block-group-is-layout-flow\">\n<div class=\"wp-block-columns alignfull is-layout-flex wp-container-core-columns-is-layout-9d6595d7 wp-block-columns-is-layout-flex\">\n<div class=\"wp-block-column is-layout-flow wp-block-column-is-layout-flow\" style=\"flex-basis:50%\">\n<h2 class=\"wp-block-heading has-text-align-center\">Nous contacter<\/h2>\n\n\n\n<p class=\"has-text-align-center\">L&rsquo;\u00e9quipe actuelle : Elah\u00e9, Mai-Lan, Evariste, et Cindy<\/p>\n\n\n\n<div style=\"height:46px\" aria-hidden=\"true\" class=\"wp-block-spacer\"><\/div>\n\n\n\n<div class=\"wp-block-buttons is-horizontal is-content-justification-center is-layout-flex wp-container-core-buttons-is-layout-499968f5 wp-block-buttons-is-layout-flex\">\n<div class=\"wp-block-button is-style-fill\"><a class=\"wp-block-button__link has-text-align-center wp-element-button\" href=\"https:\/\/www.instagram.com\/club_trouveres_ens\/#\">S&rsquo;ABONNER<\/a><\/div>\n<\/div>\n\n\n\n<div style=\"height:36px\" aria-hidden=\"true\" class=\"wp-block-spacer\"><\/div>\n\n\n\n<p class=\"has-text-align-center\">Pour toute demande, vous pouvez envoyer un mail \u00e0&nbsp;respos.trouveres[at]ens.fr.<\/p>\n\n\n\n<p><\/p>\n\n\n\n<div style=\"height:24px\" aria-hidden=\"true\" class=\"wp-block-spacer\"><\/div>\n\n\n\n<p class=\"has-text-align-center\">Abonnez-vous \u00e0&nbsp;<a href=\"https:\/\/lists.ens.fr\/wws\/subscribe\/trouveres\">notre liste de diffusion<\/a>&nbsp;ou rejoignez notre <a href=\"https:\/\/chat.whatsapp.com\/KC0fqCa9gBXGRA8oDKHVnS\">groupe WhatsApp<\/a> !<\/p>\n\n\n\n<div style=\"height:28px\" aria-hidden=\"true\" class=\"wp-block-spacer\"><\/div>\n\n\n\n<p>Vid\u00e9os, annonces des projets : suivez nous sur les r\u00e9seaux ! <\/p>\n\n\n\n<div class=\"wp-block-buttons alignwide is-content-justification-center is-layout-flex wp-container-core-buttons-is-layout-16018d1d wp-block-buttons-is-layout-flex\">\n<div class=\"wp-block-button\"><a class=\"wp-block-button__link has-white-color has-text-color has-link-color wp-element-button\" href=\"https:\/\/www.facebook.com\/trouveres\/\" style=\"text-decoration:none\">Facebook<\/a><\/div>\n\n\n\n<div class=\"wp-block-button\"><a class=\"wp-block-button__link has-white-color has-text-color has-link-color wp-element-button\" href=\"https:\/\/www.instagram.com\/club_trouveres_ens\/#\" style=\"text-decoration:none\">Instagram<\/a><\/div>\n<\/div>\n<\/div>\n\n\n\n<div class=\"wp-block-column is-layout-flow wp-block-column-is-layout-flow\" style=\"flex-basis:50%\">\n<figure class=\"wp-block-image size-large is-resized\"><img decoding=\"async\" src=\"https:\/\/media3.giphy.com\/media\/v1.Y2lkPTc5MGI3NjExcWw4MHJ5cG1uMW9qdHcxcjlkd29pMG9paXd5MHNmZndicDFjbWVweSZlcD12MV9pbnRlcm5hbF9naWZfYnlfaWQmY3Q9Zw\/v6hlgfuFftgMU\/giphy.gif\" alt=\"\" style=\"width:364px;height:auto\"\/><\/figure>\n<\/div>\n<\/div>\n<\/div><\/div>\n<\/div>\n<\/div>\n\n\n\n<p><\/p>\n","protected":false},"excerpt":{"rendered":"<p>Nous contacter L&rsquo;\u00e9quipe actuelle : Elah\u00e9, Mai-Lan, Evariste, et Cindy Pour toute demande, vous pouvez envoyer un mail \u00e0&nbsp;respos.trouveres[at]ens.fr. Abonnez-vous \u00e0&nbsp;notre liste de diffusion&nbsp;ou rejoignez notre groupe WhatsApp ! Vid\u00e9os, annonces des projets : suivez nous sur les r\u00e9seaux !<\/p>\n","protected":false},"author":2,"featured_media":0,"parent":0,"menu_order":4,"comment_status":"closed","ping_status":"closed","template":"","meta":{"footnotes":""},"class_list":["post-460","page","type-page","status-publish","hentry"],"_links":{"self":[{"href":"https:\/\/trouveres.ens.fr\/index.php?rest_route=\/wp\/v2\/pages\/460","targetHints":{"allow":["GET"]}}],"collection":[{"href":"https:\/\/trouveres.ens.fr\/index.php?rest_route=\/wp\/v2\/pages"}],"about":[{"href":"https:\/\/trouveres.ens.fr\/index.php?rest_route=\/wp\/v2\/types\/page"}],"author":[{"embeddable":true,"href":"https:\/\/trouveres.ens.fr\/index.php?rest_route=\/wp\/v2\/users\/2"}],"replies":[{"embeddable":true,"href":"https:\/\/trouveres.ens.fr\/index.php?rest_route=%2Fwp%2Fv2%2Fcomments&post=460"}],"version-history":[{"count":30,"href":"https:\/\/trouveres.ens.fr\/index.php?rest_route=\/wp\/v2\/pages\/460\/revisions"}],"predecessor-version":[{"id":1207,"href":"https:\/\/trouveres.ens.fr\/index.php?rest_route=\/wp\/v2\/pages\/460\/revisions\/1207"}],"wp:attachment":[{"href":"https:\/\/trouveres.ens.fr\/index.php?rest_route=%2Fwp%2Fv2%2Fmedia&parent=460"}],"curies":[{"name":"wp","href":"https:\/\/api.w.org\/{rel}","templated":true}]}}