{"id":532,"date":"2022-01-12T13:11:57","date_gmt":"2022-01-12T12:11:57","guid":{"rendered":"https:\/\/trouveres.ens.fr\/?page_id=532"},"modified":"2026-03-17T23:13:59","modified_gmt":"2026-03-17T22:13:59","slug":"accueil","status":"publish","type":"page","link":"https:\/\/trouveres.ens.fr\/","title":{"rendered":"Accueil"},"content":{"rendered":"\n<div class=\"wp-block-columns is-layout-flex wp-container-core-columns-is-layout-9d6595d7 wp-block-columns-is-layout-flex\">\n<div class=\"wp-block-column is-layout-flow wp-block-column-is-layout-flow\">\n<figure class=\"wp-block-image size-full is-resized\"><img loading=\"lazy\" decoding=\"async\" width=\"350\" height=\"350\" src=\"https:\/\/trouveres.ens.fr\/wp-content\/uploads\/2025\/09\/Good-Fun-1.png\" alt=\"\" class=\"wp-image-1160\" style=\"width:164px;height:auto\" srcset=\"https:\/\/trouveres.ens.fr\/wp-content\/uploads\/2025\/09\/Good-Fun-1.png 350w, https:\/\/trouveres.ens.fr\/wp-content\/uploads\/2025\/09\/Good-Fun-1-300x300.png 300w, https:\/\/trouveres.ens.fr\/wp-content\/uploads\/2025\/09\/Good-Fun-1-150x150.png 150w\" sizes=\"auto, (max-width: 350px) 100vw, 350px\" \/><\/figure>\n<\/div>\n<\/div>\n\n\n\n<p><strong>Prochains concerts : <\/strong><\/p>\n\n\n\n<ul class=\"wp-block-list\">\n<li>Mercredi 25\/03 21h<strong> <\/strong><\/li>\n<\/ul>\n\n\n\n<p><\/p>\n\n\n\n<p>Tous les concerts ont lieu \u00e0 la <strong>Salle des Actes<\/strong>, 45 rue d&rsquo;Ulm.<\/p>\n\n\n\n<div style=\"height:100px\" aria-hidden=\"true\" class=\"wp-block-spacer\"><\/div>\n\n\n\n<p>N&rsquo;h\u00e9sitez pas \u00e0 nous \u00e9crire \u00e0 <strong>respos.trouveres[at]ens.fr<\/strong> pour participer aux concerts !<\/p>\n\n\n\n<p style=\"font-style:normal;font-weight:700\">Si vous voulez assister au concert en \u00e9tant ext\u00e9rieur.e.s \u00e0 l&rsquo;\u00e9cole, contactez nous par mail afin que l&rsquo;on puisse transmettre votre nom \u00e0 la loge !<\/p>\n\n\n\n<div class=\"wp-block-buttons is-content-justification-center is-layout-flex wp-container-core-buttons-is-layout-16018d1d wp-block-buttons-is-layout-flex\">\n<div class=\"wp-block-button is-style-fill\"><a class=\"wp-block-button__link has-white-color has-text-color has-link-color wp-element-button\" href=\"https:\/\/www.instagram.com\/club_trouveres_ens\/#\">NOUS SUIVRE<\/a><\/div>\n<\/div>\n\n\n\n<hr class=\"wp-block-separator has-alpha-channel-opacity\"\/>\n\n\n\n<figure class=\"wp-block-image size-full is-resized is-style-rounded\"><img loading=\"lazy\" decoding=\"async\" width=\"349\" height=\"350\" src=\"https:\/\/trouveres.ens.fr\/wp-content\/uploads\/2025\/09\/thumbs.png\" alt=\"\" class=\"wp-image-1107\" style=\"object-fit:cover;width:250px;height:250px\" srcset=\"https:\/\/trouveres.ens.fr\/wp-content\/uploads\/2025\/09\/thumbs.png 349w, https:\/\/trouveres.ens.fr\/wp-content\/uploads\/2025\/09\/thumbs-300x300.png 300w, https:\/\/trouveres.ens.fr\/wp-content\/uploads\/2025\/09\/thumbs-150x150.png 150w\" sizes=\"auto, (max-width: 349px) 100vw, 349px\" \/><\/figure>\n\n\n\n<p class=\"has-text-align-center\"><\/p>\n\n\n\n<figure class=\"wp-block-gallery has-nested-images columns-default is-cropped wp-block-gallery-1 is-layout-flex wp-block-gallery-is-layout-flex\"><\/figure>\n\n\n\n<p><\/p>\n","protected":false},"excerpt":{"rendered":"<p>Prochains concerts : Tous les concerts ont lieu \u00e0 la Salle des Actes, 45 rue d&rsquo;Ulm. N&rsquo;h\u00e9sitez pas \u00e0 nous \u00e9crire \u00e0 respos.trouveres[at]ens.fr pour participer aux concerts ! Si vous voulez assister au concert en \u00e9tant ext\u00e9rieur.e.s \u00e0 l&rsquo;\u00e9cole, contactez nous par mail afin que l&rsquo;on puisse transmettre votre nom \u00e0 la loge !<\/p>\n","protected":false},"author":2,"featured_media":0,"parent":0,"menu_order":0,"comment_status":"closed","ping_status":"closed","template":"","meta":{"footnotes":""},"class_list":["post-532","page","type-page","status-publish","hentry"],"_links":{"self":[{"href":"https:\/\/trouveres.ens.fr\/index.php?rest_route=\/wp\/v2\/pages\/532","targetHints":{"allow":["GET"]}}],"collection":[{"href":"https:\/\/trouveres.ens.fr\/index.php?rest_route=\/wp\/v2\/pages"}],"about":[{"href":"https:\/\/trouveres.ens.fr\/index.php?rest_route=\/wp\/v2\/types\/page"}],"author":[{"embeddable":true,"href":"https:\/\/trouveres.ens.fr\/index.php?rest_route=\/wp\/v2\/users\/2"}],"replies":[{"embeddable":true,"href":"https:\/\/trouveres.ens.fr\/index.php?rest_route=%2Fwp%2Fv2%2Fcomments&post=532"}],"version-history":[{"count":83,"href":"https:\/\/trouveres.ens.fr\/index.php?rest_route=\/wp\/v2\/pages\/532\/revisions"}],"predecessor-version":[{"id":1213,"href":"https:\/\/trouveres.ens.fr\/index.php?rest_route=\/wp\/v2\/pages\/532\/revisions\/1213"}],"wp:attachment":[{"href":"https:\/\/trouveres.ens.fr\/index.php?rest_route=%2Fwp%2Fv2%2Fmedia&parent=532"}],"curies":[{"name":"wp","href":"https:\/\/api.w.org\/{rel}","templated":true}]}}